{"id":44,"date":"2024-12-28T14:59:53","date_gmt":"2024-12-28T13:59:53","guid":{"rendered":"https:\/\/kfz-pruefstelle-taunusstein.de\/pruefstelle\/?page_id=44"},"modified":"2025-01-01T11:53:15","modified_gmt":"2025-01-01T10:53:15","slug":"oeffnungszeiten-termine","status":"publish","type":"page","link":"https:\/\/kfz-pruefstelle-taunusstein.de\/pruefstelle\/?page_id=44","title":{"rendered":"\u00d6ffnungszeiten\/Termine"},"content":{"rendered":"\n<figure class=\"wp-block-image size-large is-resized\"><img loading=\"lazy\" decoding=\"async\" width=\"1024\" height=\"385\" src=\"https:\/\/kfz-pruefstelle-taunusstein.de\/pruefstelle\/wp-content\/uploads\/2024\/12\/HalleAussenSchmal-1024x385.png\" alt=\"\" class=\"wp-image-69\" style=\"width:677px;height:auto\" srcset=\"https:\/\/kfz-pruefstelle-taunusstein.de\/pruefstelle\/wp-content\/uploads\/2024\/12\/HalleAussenSchmal-1024x385.png 1024w, https:\/\/kfz-pruefstelle-taunusstein.de\/pruefstelle\/wp-content\/uploads\/2024\/12\/HalleAussenSchmal-300x113.png 300w, https:\/\/kfz-pruefstelle-taunusstein.de\/pruefstelle\/wp-content\/uploads\/2024\/12\/HalleAussenSchmal-768x289.png 768w, https:\/\/kfz-pruefstelle-taunusstein.de\/pruefstelle\/wp-content\/uploads\/2024\/12\/HalleAussenSchmal-1536x578.png 1536w, https:\/\/kfz-pruefstelle-taunusstein.de\/pruefstelle\/wp-content\/uploads\/2024\/12\/HalleAussenSchmal.png 1788w\" sizes=\"auto, (max-width: 1024px) 100vw, 1024px\" \/><\/figure>\n\n\n\n<p><strong>Wir sind von Montag bis Freitag jeweils von 9:00h bis 17:00h erreichbar.<\/strong><\/p>\n\n\n\n<p>Da wir mit unserer Pr\u00fcft\u00e4tigkeit auch in Werkst\u00e4tten, also au\u00dfer Haus t\u00e4tig sind, ist die Pr\u00fcfstelle zu diesen Zeiten nicht immer besetzt. Telefonisch sind wir aber innerhalb dieser Zeiten erreichbar.<br>Um Ihre Wartezeiten auf ein Minimum zu reduzieren haben Sie die M\u00f6glichkeit, einen Termin mit uns zu vereinbaren. Selbstverst\u00e4ndlich k\u00f6nnen Sie auch einfach mal so vorbeikommen und die Pr\u00fcfung durchf\u00fchren lassen. Jedoch haben Sie bitte Verst\u00e4ndnis daf\u00fcr, dass die vereinbarten Termine Vorrang haben und das aus den oben genannten Gr\u00fcnden nicht immer jemand vor Ort ist.<\/p>\n\n\n\n<p>Mit einem vereinbarten Termin k\u00f6nnen Sie die Pr\u00fcfstelle in kurzer Zeit wieder verlassen.<\/p>\n\n\n\n<p>Auch k\u00f6nnen Sie Ihr Fahrzeug vor dem Termin bei uns abstellen, uns die Papiere und den Fahrzeugschl\u00fcssel \u00fcbergeben und Ihr Fahrzeug nach der Untersuchung wieder abholen. In der Zwischenzeit k\u00f6nnen Sie einkaufen, spazierengehen oder andere Erledigungen machen.<\/p>\n","protected":false},"excerpt":{"rendered":"<p>Wir sind von Montag bis Freitag jeweils von 9:00h bis 17:00h erreichbar. Da wir mit unserer Pr\u00fcft\u00e4tigkeit auch in Werkst\u00e4tten, [&hellip;]<\/p>\n","protected":false},"author":1,"featured_media":0,"parent":0,"menu_order":0,"comment_status":"closed","ping_status":"closed","template":"","meta":{"site-sidebar-layout":"default","site-content-layout":"","ast-site-content-layout":"","site-content-style":"default","site-sidebar-style":"default","ast-global-header-display":"","ast-banner-title-visibility":"","ast-main-header-display":"","ast-hfb-above-header-display":"","ast-hfb-below-header-display":"","ast-hfb-mobile-header-display":"","site-post-title":"","ast-breadcrumbs-content":"","ast-featured-img":"","footer-sml-layout":"","theme-transparent-header-meta":"","adv-header-id-meta":"","stick-header-meta":"","header-above-stick-meta":"","header-main-stick-meta":"","header-below-stick-meta":"","astra-migrate-meta-layouts":"default","ast-page-background-enabled":"default","ast-page-background-meta":{"desktop":{"background-color":"var(--ast-global-color-4)","background-image":"","background-repeat":"repeat","background-position":"center center","background-size":"auto","background-attachment":"scroll","background-type":"","background-media":"","overlay-type":"","overlay-color":"","overlay-opacity":"","overlay-gradient":""},"tablet":{"background-color":"","background-image":"","background-repeat":"repeat","background-position":"center center","background-size":"auto","background-attachment":"scroll","background-type":"","background-media":"","overlay-type":"","overlay-color":"","overlay-opacity":"","overlay-gradient":""},"mobile":{"background-color":"","background-image":"","background-repeat":"repeat","background-position":"center center","background-size":"auto","background-attachment":"scroll","background-type":"","background-media":"","overlay-type":"","overlay-color":"","overlay-opacity":"","overlay-gradient":""}},"ast-content-background-meta":{"desktop":{"background-color":"var(--ast-global-color-5)","background-image":"","background-repeat":"repeat","background-position":"center center","background-size":"auto","background-attachment":"scroll","background-type":"","background-media":"","overlay-type":"","overlay-color":"","overlay-opacity":"","overlay-gradient":""},"tablet":{"background-color":"var(--ast-global-color-5)","background-image":"","background-repeat":"repeat","background-position":"center center","background-size":"auto","background-attachment":"scroll","background-type":"","background-media":"","overlay-type":"","overlay-color":"","overlay-opacity":"","overlay-gradient":""},"mobile":{"background-color":"var(--ast-global-color-5)","background-image":"","background-repeat":"repeat","background-position":"center center","background-size":"auto","background-attachment":"scroll","background-type":"","background-media":"","overlay-type":"","overlay-color":"","overlay-opacity":"","overlay-gradient":""}},"footnotes":""},"class_list":["post-44","page","type-page","status-publish","hentry"],"_links":{"self":[{"href":"https:\/\/kfz-pruefstelle-taunusstein.de\/pruefstelle\/index.php?rest_route=\/wp\/v2\/pages\/44","targetHints":{"allow":["GET"]}}],"collection":[{"href":"https:\/\/kfz-pruefstelle-taunusstein.de\/pruefstelle\/index.php?rest_route=\/wp\/v2\/pages"}],"about":[{"href":"https:\/\/kfz-pruefstelle-taunusstein.de\/pruefstelle\/index.php?rest_route=\/wp\/v2\/types\/page"}],"author":[{"embeddable":true,"href":"https:\/\/kfz-pruefstelle-taunusstein.de\/pruefstelle\/index.php?rest_route=\/wp\/v2\/users\/1"}],"replies":[{"embeddable":true,"href":"https:\/\/kfz-pruefstelle-taunusstein.de\/pruefstelle\/index.php?rest_route=%2Fwp%2Fv2%2Fcomments&post=44"}],"version-history":[{"count":6,"href":"https:\/\/kfz-pruefstelle-taunusstein.de\/pruefstelle\/index.php?rest_route=\/wp\/v2\/pages\/44\/revisions"}],"predecessor-version":[{"id":159,"href":"https:\/\/kfz-pruefstelle-taunusstein.de\/pruefstelle\/index.php?rest_route=\/wp\/v2\/pages\/44\/revisions\/159"}],"wp:attachment":[{"href":"https:\/\/kfz-pruefstelle-taunusstein.de\/pruefstelle\/index.php?rest_route=%2Fwp%2Fv2%2Fmedia&parent=44"}],"curies":[{"name":"wp","href":"https:\/\/api.w.org\/{rel}","templated":true}]}}