{"id":108,"date":"2024-12-30T09:54:25","date_gmt":"2024-12-30T08:54:25","guid":{"rendered":"https:\/\/kfz-pruefstelle-taunusstein.de\/pruefstelle\/?page_id=108"},"modified":"2025-01-01T11:55:22","modified_gmt":"2025-01-01T10:55:22","slug":"wir-ueber-uns","status":"publish","type":"page","link":"https:\/\/kfz-pruefstelle-taunusstein.de\/pruefstelle\/?page_id=108","title":{"rendered":"Wir \u00fcber uns"},"content":{"rendered":"\n<p>Wir verstehen uns als serviceorientiertes und kundenfreundliches Dienstleistungsunternehmen. Als Vertragspartner der GT\u00dc Gesellschaft f\u00fcr Technische \u00dcberwachung mbH f\u00fchren wir Hauptuntersuchungen (HU) mit integrierter &#8222;Abgasuntersuchung&#8220; sowie \u00c4nderungsabnahmen (z. B. bei Anh\u00e4ngerkupplung, Tieferlegung etc.) durch und erteilen nach erfolgreicher Abnahme die Pr\u00fcfplakette. Wir \u00fcberpr\u00fcfen Ihr Fahrzeug: Auto, Motorrad, Anh\u00e4nger oder Traktor.<\/p>\n\n\n\n<p>Als weitere Dienstleistungssegmente bieten wir\u00a0Campinggaspr\u00fcfung, Fahrzeugbewertungen und Untersuchungen nach UVV an.<\/p>\n\n\n\n<p>Vereinbaren Sie einen Termin.<\/p>\n","protected":false},"excerpt":{"rendered":"<p>Wir verstehen uns als serviceorientiertes und kundenfreundliches Dienstleistungsunternehmen. Als Vertragspartner der GT\u00dc Gesellschaft f\u00fcr Technische \u00dcberwachung mbH f\u00fchren wir Hauptuntersuchungen [&hellip;]<\/p>\n","protected":false},"author":1,"featured_media":0,"parent":0,"menu_order":0,"comment_status":"closed","ping_status":"closed","template":"","meta":{"site-sidebar-layout":"default","site-content-layout":"","ast-site-content-layout":"","site-content-style":"default","site-sidebar-style":"default","ast-global-header-display":"","ast-banner-title-visibility":"","ast-main-header-display":"","ast-hfb-above-header-display":"","ast-hfb-below-header-display":"","ast-hfb-mobile-header-display":"","site-post-title":"","ast-breadcrumbs-content":"","ast-featured-img":"","footer-sml-layout":"","theme-transparent-header-meta":"","adv-header-id-meta":"","stick-header-meta":"","header-above-stick-meta":"","header-main-stick-meta":"","header-below-stick-meta":"","astra-migrate-meta-layouts":"default","ast-page-background-enabled":"default","ast-page-background-meta":{"desktop":{"background-color":"var(--ast-global-color-4)","background-image":"","background-repeat":"repeat","background-position":"center center","background-size":"auto","background-attachment":"scroll","background-type":"","background-media":"","overlay-type":"","overlay-color":"","overlay-opacity":"","overlay-gradient":""},"tablet":{"background-color":"","background-image":"","background-repeat":"repeat","background-position":"center center","background-size":"auto","background-attachment":"scroll","background-type":"","background-media":"","overlay-type":"","overlay-color":"","overlay-opacity":"","overlay-gradient":""},"mobile":{"background-color":"","background-image":"","background-repeat":"repeat","background-position":"center center","background-size":"auto","background-attachment":"scroll","background-type":"","background-media":"","overlay-type":"","overlay-color":"","overlay-opacity":"","overlay-gradient":""}},"ast-content-background-meta":{"desktop":{"background-color":"var(--ast-global-color-5)","background-image":"","background-repeat":"repeat","background-position":"center center","background-size":"auto","background-attachment":"scroll","background-type":"","background-media":"","overlay-type":"","overlay-color":"","overlay-opacity":"","overlay-gradient":""},"tablet":{"background-color":"var(--ast-global-color-5)","background-image":"","background-repeat":"repeat","background-position":"center center","background-size":"auto","background-attachment":"scroll","background-type":"","background-media":"","overlay-type":"","overlay-color":"","overlay-opacity":"","overlay-gradient":""},"mobile":{"background-color":"var(--ast-global-color-5)","background-image":"","background-repeat":"repeat","background-position":"center center","background-size":"auto","background-attachment":"scroll","background-type":"","background-media":"","overlay-type":"","overlay-color":"","overlay-opacity":"","overlay-gradient":""}},"footnotes":""},"class_list":["post-108","page","type-page","status-publish","hentry"],"_links":{"self":[{"href":"https:\/\/kfz-pruefstelle-taunusstein.de\/pruefstelle\/index.php?rest_route=\/wp\/v2\/pages\/108","targetHints":{"allow":["GET"]}}],"collection":[{"href":"https:\/\/kfz-pruefstelle-taunusstein.de\/pruefstelle\/index.php?rest_route=\/wp\/v2\/pages"}],"about":[{"href":"https:\/\/kfz-pruefstelle-taunusstein.de\/pruefstelle\/index.php?rest_route=\/wp\/v2\/types\/page"}],"author":[{"embeddable":true,"href":"https:\/\/kfz-pruefstelle-taunusstein.de\/pruefstelle\/index.php?rest_route=\/wp\/v2\/users\/1"}],"replies":[{"embeddable":true,"href":"https:\/\/kfz-pruefstelle-taunusstein.de\/pruefstelle\/index.php?rest_route=%2Fwp%2Fv2%2Fcomments&post=108"}],"version-history":[{"count":2,"href":"https:\/\/kfz-pruefstelle-taunusstein.de\/pruefstelle\/index.php?rest_route=\/wp\/v2\/pages\/108\/revisions"}],"predecessor-version":[{"id":160,"href":"https:\/\/kfz-pruefstelle-taunusstein.de\/pruefstelle\/index.php?rest_route=\/wp\/v2\/pages\/108\/revisions\/160"}],"wp:attachment":[{"href":"https:\/\/kfz-pruefstelle-taunusstein.de\/pruefstelle\/index.php?rest_route=%2Fwp%2Fv2%2Fmedia&parent=108"}],"curies":[{"name":"wp","href":"https:\/\/api.w.org\/{rel}","templated":true}]}}